{"id":1918,"date":"2018-01-29T14:11:42","date_gmt":"2018-01-29T14:11:42","guid":{"rendered":"http:\/\/medical.omnicom-dev.com\/clinic\/?page_id=2"},"modified":"2026-03-29T19:14:53","modified_gmt":"2026-03-30T00:14:53","slug":"sample-page-2","status":"publish","type":"page","link":"https:\/\/idcbis.org.co\/en\/","title":{"rendered":"Home"},"content":{"rendered":"<p><section id=\"bt_section69e1079f478ba\"  class=\"boldSection inherit seccion-01\" style=\"z-index: 0;position: relative;\"><div class=\"port\"><div class=\"boldCell\"><div class=\"boldCellInner\"><div class=\"boldRow\" ><div class=\"boldRowInner\"><div class=\"rowItem col-md-12 col-ms-12  btTextLeft inherit\"  ><div class=\"rowItemContent\" ><div class=\"slided mediumSliderHeight bt_bb_show_dots_bottom\"  data-slick='{ \"lazyLoad\": \"progressive\", \"cssEase\": \"ease-out\", \"speed\": \"600\", \"autoplay\": true, \"autoplaySpeed\": 4000, \"dots\": true}' data-simple_arrows=\"yes\"><div class=\"slidedItem firstItem\"  data-thumb=\"https:\/\/idcbis.org.co\/media_up_idcbis\/2025\/07\/web_20025_idcbis_-320x140.jpg\"><div class=\"btSliderPort wBackground cover\" style=\"background-image: url('https:\/\/idcbis.org.co\/media_up_idcbis\/2025\/07\/web_20025_idcbis_.jpg')\"><div class=\"btSliderCell\" data-slick=\"yes\"><div class=\"btSlideGutter\"><div class=\"btSlidePane\"><div class=\"boldRow boldInnerRow\" ><div class=\"rowItem rowInnerItem col-md-6  btTextCenter btMiddleVertical btDoublePadding\"  ><div class=\"rowItemContent\"><div class=\"btClear btSeparator topSemiSpaced bottomSemiSpaced noBorder\" ><hr><\/div><div class=\"bpgPhoto btTextCenter\" ><div class=\"btImage\"><img src=\"https:\/\/idcbis.org.co\/media_up_idcbis\/2022\/04\/Manual-de-Identidad-VIsual-IDCBIS-2022-600.png\" alt=\"Logo IDCBIS versi\u00f3n a color con el nombre espec\u00edfico\" title=\"Logo IDCBIS versi\u00f3n a color con el nombre espec\u00edfico\"><\/div><\/div><div class=\"btClear btSeparator topSemiSpaced bottomSemiSpaced noBorder\" ><hr><\/div><\/div><\/div><div class=\"rowItem rowInnerItem col-md-6  btTextLeft btMiddleVertical\"  ><div class=\"rowItemContent\"><div class=\"btText\" ><\/p>\n<h2 style=\"line-height: 30px!important;\"><span style=\"color: #000080; font-size: 30px;\"><strong>Transformamos la salud de Colombia desde Bogot\u00e1.<\/strong><\/span><\/h2>\n<p><!--<span style=\"font-weight: 400; color: #ffffff;\">Somos un centro de investigaci\u00f3n cient\u00edfica, una instituci\u00f3n innovadora cuyos fines son de inter\u00e9s com\u00fan. Nuestro objetivo es impulsar el desarrollo cient\u00edfico y tecnol\u00f3gico, as\u00ed como la generaci\u00f3n y transferencia de conocimiento en las ciencias de la salud para el mejoramiento de la calidad de\u200b \u200bvida\u200b \u200by\u200b \u200bel\u200b \u200bbienestar\u200b \u200bde\u200b \u200bla\u200b \u200bcomunidad<\/span><\/p>\n\n\n\n\n\n\n\n\n<p><span style=\"font-weight: 400; color: #ffffff;\">Nuestra misi\u00f3n solo es posible gracias a una cultura de la donaci\u00f3n. Cuando das sin esperar nada a cambio y sin importar a quien, tu participaci\u00f3n hace una mejor sociedad para todos.<\/span>--><\/p>\n<h3><span style=\"font-weight: 400; color: #000080;\">IDCBIS innova para todos. Ciencia, vida y compromiso p\u00fablico.<\/span><\/h3>\n<p>\n<\/div><\/div><\/div><\/div><\/div><\/div><\/div><\/div><\/div><div class=\"slidedItem firstItem\"  data-thumb=\"https:\/\/idcbis.org.co\/media_up_idcbis\/2025\/07\/BANNER-Donacion-1920x842-1-320x140.jpg\"><div class=\"btSliderPort wBackground cover\" style=\"background-image: url('https:\/\/idcbis.org.co\/media_up_idcbis\/2025\/07\/BANNER-Donacion-1920x842-1.jpg')\"><div class=\"btSliderCell\" data-slick=\"yes\"><div class=\"btSlideGutter\"><div class=\"btSlidePane\"><\/div><\/div><\/div><\/div><\/div><div class=\"slidedItem firstItem\"  data-thumb=\"https:\/\/idcbis.org.co\/media_up_idcbis\/2025\/07\/darcelulas_home-320x140.png\"><div class=\"btSliderPort wBackground cover\" style=\"background-image: url('https:\/\/idcbis.org.co\/media_up_idcbis\/2025\/07\/darcelulas_home.png')\"><div class=\"btSliderCell\" data-slick=\"yes\"><div class=\"btSlideGutter\"><div class=\"btSlidePane\"><\/div><\/div><\/div><\/div><\/div><\/div><div class=\"btClear btSeparator bottomSemiSpaced noBorder\" ><hr><\/div><\/div><\/div><\/div><\/div><\/div><\/div><\/div><\/section><section id=\"bt_section69e1079f48603\"  class=\"boldSection gutter inherit siniconos\" style=\"margin-top: -5.5em;\"><div class=\"port\"><div class=\"boldCell\"><div class=\"boldCellInner\"><div class=\"boldRow\" ><div class=\"boldRowInner\"><div class=\"rowItem col-md-3 col-sm-6 col-ms-12 btTextCenter animate animate-fadein animate-moveup btTextIndent inherit\" style=\"margin-bottom: 10px;\" ><div class=\"rowItemContent\" style = \"background-color:#f1f1f1;\"><div class=\"bpgPhoto btTextCenter\" > \r\n\t\t\t\t\t<a href=\"http:\/\/idcbis.org.co\/en\/investigacion\/\" target=\"_self\" title=\"Ni\u00f1a participando en actividad del IDCBIS mirando por un microscopio\"><\/a>\r\n\t\t\t\t\t<div class=\"boldPhotoBox\"><div class=\"bpbItem\"><div class = \"btImage\"><img src=\"https:\/\/idcbis.org.co\/media_up_idcbis\/2025\/07\/600-x-600-Cientific@-por-un-dia-IDCBIS_3-60.jpg\" alt=\"Ni\u00f1a participando en actividad del IDCBIS mirando por un microscopio\" title=\"Ni\u00f1a participando en actividad del IDCBIS mirando por un microscopio\" ><\/div><\/div><\/div>\r\n\t\t\t\t\t<div class=\"captionPane\">\r\n\t\t\t\t\t\t<div class=\"captionTable\">\r\n\t\t\t\t\t\t\t<div class=\"captionCell\">\r\n\t\t\t\t\t\t\t\t<div class=\"captionTxt\"><\/div>\r\n\t\t\t\t\t\t\t<\/div>\r\n\t\t\t\t\t\t<\/div>\r\n\t\t\t\t\t<\/div><\/div><div class=\"btClear btSeparator topExtraSmallSpaced noBorder\" ><hr><\/div><header class=\"header btClear medium  btAccentDash\" ><div class=\"btSuperTitle\">Group of<\/div><div class=\"dash\"><h3><span class=\"headline\">Investigation<\/span><\/h3><\/div><\/header><div class=\"btText\" ><\/p>\n<p>\n<a href=\"http:\/\/idcbis.org.co\/en\/investigacion\/\"><span style=\"font-weight: 400;\">Center for research in transfusion medicine, advanced tissue and cellular therapy and engineering (GIMTTyC), regenerative medicine and laboratory medicine, recognized by MinCiencias.<\/span><\/a><\/p>\n<p>\n<\/div><div class=\"btClear btSeparator topExtraSmallSpaced bottomSmallSpaced noBorder\" ><hr><\/div><\/div><\/div><div class=\"rowItem col-md-3 col-sm-6 col-ms-12 btTextCenter animate animate-fadein animate-moveup btTextIndent inherit\" style=\"margin-bottom: 10px;\" ><div class=\"rowItemContent\" style = \"background-color:#f1f1f1;\"><div class=\"bpgPhoto btTextCenter\" > \r\n\t\t\t\t\t<a href=\"http:\/\/idcbis.org.co\/en\/banco-distrital-de-sangre\/\" target=\"_self\" title=\"Un usuario realiza una donaci\u00f3n de sangre en las instalaciones del Instituto\"><\/a>\r\n\t\t\t\t\t<div class=\"boldPhotoBox\"><div class=\"bpbItem\"><div class = \"btImage\"><img src=\"https:\/\/idcbis.org.co\/media_up_idcbis\/2025\/07\/donacion_th.png\" alt=\"Un usuario realiza una donaci\u00f3n de sangre en las instalaciones del Instituto\" title=\"Un usuario realiza una donaci\u00f3n de sangre en las instalaciones del Instituto\" ><\/div><\/div><\/div>\r\n\t\t\t\t\t<div class=\"captionPane\">\r\n\t\t\t\t\t\t<div class=\"captionTable\">\r\n\t\t\t\t\t\t\t<div class=\"captionCell\">\r\n\t\t\t\t\t\t\t\t<div class=\"captionTxt\"><\/div>\r\n\t\t\t\t\t\t\t<\/div>\r\n\t\t\t\t\t\t<\/div>\r\n\t\t\t\t\t<\/div><\/div><div class=\"btIconImageRow btIconsNormalPosition\" ><\/div><header class=\"header btClear medium  btAccentDash\" ><div class=\"btSuperTitle\">District Bank<\/div><div class=\"dash\"><h3><span class=\"headline\">of Blood<\/span><\/h3><\/div><\/header><div class=\"btClear btSeparator topExtraSmallSpaced noBorder\" ><hr><\/div><div class=\"btText\" ><\/p>\n<p>\n<a href=\"http:\/\/idcbis.org.co\/en\/banco-distrital-de-sangre\/\"><span style=\"font-weight: 400;\">Make your blood donation with us, we distribute blood components to public hospitals and clinics in the city to improve the quality of life of patients.<\/span><\/a><\/p>\n<p>\n<\/div><div class=\"btClear btSeparator topExtraSmallSpaced bottomSmallSpaced noBorder\" ><hr><\/div><\/div><\/div><div class=\"rowItem col-md-3 col-sm-6 col-ms-12 btTextCenter animate animate-fadein animate-moveup btTextIndent inherit\" style=\"margin-bottom: 10px;\" ><div class=\"rowItemContent\" style = \"background-color:#f1f1f1;\"><div class=\"bpgPhoto btTextCenter\" > \r\n\t\t\t\t\t<a href=\"http:\/\/idcbis.org.co\/en\/banco-distrital-de-tejidos\/\" target=\"_self\" title=\"L\u00e1mina de dermaglic banco distrital de tejidos\"><\/a>\r\n\t\t\t\t\t<div class=\"boldPhotoBox\"><div class=\"bpbItem\"><div class = \"btImage\"><img src=\"https:\/\/idcbis.org.co\/media_up_idcbis\/2021\/07\/banco-distrital-de-tejidos.jpg\" alt=\"L\u00e1mina de dermaglic banco distrital de tejidos\" title=\"L\u00e1mina de dermaglic banco distrital de tejidos\" ><\/div><\/div><\/div>\r\n\t\t\t\t\t<div class=\"captionPane\">\r\n\t\t\t\t\t\t<div class=\"captionTable\">\r\n\t\t\t\t\t\t\t<div class=\"captionCell\">\r\n\t\t\t\t\t\t\t\t<div class=\"captionTxt\"><\/div>\r\n\t\t\t\t\t\t\t<\/div>\r\n\t\t\t\t\t\t<\/div>\r\n\t\t\t\t\t<\/div><\/div><header class=\"header btClear medium  btAccentDash\" ><div class=\"btSuperTitle\">District Bank<\/div><div class=\"dash\"><h3><span class=\"headline\">of Tissue<\/span><\/h3><\/div><\/header><div class=\"btClear btSeparator topExtraSmallSpaced noBorder\" ><hr><\/div><div class=\"btText\" ><\/p>\n<p>\n<a href=\"https:\/\/idcbis.org.co\/en\/banco-distrital-de-tejidos\/\"><span style=\"font-weight: 400;\">Being a tissue donor, an act of love and generosity. Learn why it is so important and who benefits from this decision.<br><br><\/span><\/a><\/p>\n<p>\n<\/div><div class=\"btClear btSeparator topExtraSmallSpaced bottomSmallSpaced noBorder\" ><hr><\/div><\/div><\/div><div class=\"rowItem col-md-3 col-sm-6 col-ms-12 btTextCenter animate animate-fadein animate-moveup btTextIndent inherit\" style=\"margin-bottom: 10px;\" ><div class=\"rowItemContent\" style = \"background-color:#f1f1f1;\"><div class=\"bpgPhoto btTextCenter\" > \r\n\t\t\t\t\t<a href=\"http:\/\/idcbis.org.co\/en\/unidad-de-terapias-avanzadas\/\" target=\"_self\" title=\"Laboratorio de investigaci\u00f3n unidad de terapia avanzada\"><\/a>\r\n\t\t\t\t\t<div class=\"boldPhotoBox\"><div class=\"bpbItem\"><div class = \"btImage\"><img src=\"https:\/\/idcbis.org.co\/media_up_idcbis\/2021\/07\/unidad-de-terapias-avanzadas.jpg\" alt=\"Laboratorio de investigaci\u00f3n unidad de terapia avanzada\" title=\"Laboratorio de investigaci\u00f3n unidad de terapia avanzada\" ><\/div><\/div><\/div>\r\n\t\t\t\t\t<div class=\"captionPane\">\r\n\t\t\t\t\t\t<div class=\"captionTable\">\r\n\t\t\t\t\t\t\t<div class=\"captionCell\">\r\n\t\t\t\t\t\t\t\t<div class=\"captionTxt\"><\/div>\r\n\t\t\t\t\t\t\t<\/div>\r\n\t\t\t\t\t\t<\/div>\r\n\t\t\t\t\t<\/div><\/div><header class=\"header btClear medium  btAccentDash\" ><div class=\"btSuperTitle\">Therapies Unit<\/div><div class=\"dash\"><h3><span class=\"headline\">Advanced<\/span><\/h3><\/div><\/header><div class=\"btClear btSeparator topExtraSmallSpaced noBorder\" ><hr><\/div><div class=\"btText\" ><\/p>\n<p>\n<a href=\"https:\/\/idcbis.org.co\/en\/unidad-de-terapias-avanzadas\/\"><span style=\"font-weight: 400;\">Our Advanced Therapies Unit seeks to generate treatment alternatives for diseases such as those of autoimmune origin.<\/span><\/a><\/p>\n<p>\n<\/div><div class=\"btClear btSeparator topExtraSmallSpaced bottomSmallSpaced noBorder\" ><hr><\/div><\/div><\/div><\/div><\/div><div class=\"boldRow\" ><div class=\"boldRowInner\"><div class=\"rowItem col-md-3 col-sm-6 col-ms-12 btTextCenter animate animate-fadein animate-moveup btTextIndent inherit\" style=\"margin-bottom: 10px;\" ><div class=\"rowItemContent\" style = \"background-color:#f1f1f1;\"><div class=\"bpgPhoto btTextCenter\" > \r\n\t\t\t\t\t<a href=\"http:\/\/idcbis.org.co\/en\/banco-de-sangre-cordon-umbilical\/\" target=\"_self\" title=\"Fotograf\u00eda de trabajadora en las instalaciones del instituto\"><\/a>\r\n\t\t\t\t\t<div class=\"boldPhotoBox\"><div class=\"bpbItem\"><div class = \"btImage\"><img src=\"https:\/\/idcbis.org.co\/media_up_idcbis\/2025\/07\/600-x-600-Cientific@-por-un-dia-IDCBIS_3-13.jpg\" alt=\"Fotograf\u00eda de trabajadora en las instalaciones del instituto\" title=\"Fotograf\u00eda de trabajadora en las instalaciones del instituto\" ><\/div><\/div><\/div>\r\n\t\t\t\t\t<div class=\"captionPane\">\r\n\t\t\t\t\t\t<div class=\"captionTable\">\r\n\t\t\t\t\t\t\t<div class=\"captionCell\">\r\n\t\t\t\t\t\t\t\t<div class=\"captionTxt\"><\/div>\r\n\t\t\t\t\t\t\t<\/div>\r\n\t\t\t\t\t\t<\/div>\r\n\t\t\t\t\t<\/div><\/div><header class=\"header btClear medium  btAccentDash\" ><div class=\"btSuperTitle\">Public Blood Bank of<\/div><div class=\"dash\"><h3><span class=\"headline\">Umbilical Cord<\/span><\/h3><\/div><\/header><div class=\"btClear btSeparator topExtraSmallSpaced noBorder\" ><hr><\/div><div class=\"btText\" ><\/p>\n<p>\n<a href=\"http:\/\/idcbis.org.co\/en\/banco-de-sangre-cordon-umbilical\/\"><span style=\"font-weight: 400;\">Maternal umbilical cord blood donations in Colombia today have become new life opportunities for pediatric patients.<br><br><\/span><\/a><\/p>\n<p>\n<\/div><div class=\"btClear btSeparator topExtraSmallSpaced bottomSmallSpaced noBorder\" ><hr><\/div><\/div><\/div><div class=\"rowItem col-md-3 col-sm-6 col-ms-12 btTextCenter animate animate-fadein animate-moveup btTextIndent inherit\" style=\"margin-bottom: 10px;\" ><div class=\"rowItemContent\" style = \"background-color:#f1f1f1;\"><div class=\"bpgPhoto btTextCenter\" > \r\n\t\t\t\t\t<a href=\"http:\/\/idcbis.org.co\/en\/darcelulas\/\" target=\"_blank\" title=\"Fotograf\u00eda del logo de Dar C\u00e9lulas\"><\/a>\r\n\t\t\t\t\t<div class=\"boldPhotoBox\"><div class=\"bpbItem\"><div class = \"btImage\"><img src=\"https:\/\/idcbis.org.co\/media_up_idcbis\/2025\/07\/home_darcelulas.png\" alt=\"Fotograf\u00eda del logo de Dar C\u00e9lulas\" title=\"Fotograf\u00eda del logo de Dar C\u00e9lulas\" ><\/div><\/div><\/div>\r\n\t\t\t\t\t<div class=\"captionPane\">\r\n\t\t\t\t\t\t<div class=\"captionTable\">\r\n\t\t\t\t\t\t\t<div class=\"captionCell\">\r\n\t\t\t\t\t\t\t\t<div class=\"captionTxt\"><\/div>\r\n\t\t\t\t\t\t\t<\/div>\r\n\t\t\t\t\t\t<\/div>\r\n\t\t\t\t\t<\/div><\/div><div class=\"btClear btSeparator topExtraSmallSpaced noBorder\" ><hr><\/div><header class=\"header btClear medium  btAccentDash\" ><div class=\"btSuperTitle\">Program<\/div><div class=\"dash\"><h3><span class=\"headline\">DarC\u00e9lulas<\/span><\/h3><\/div><\/header><div class=\"btText\" ><\/p>\n<p>\n<a href=\"http:\/\/idcbis.org.co\/en\/darcelulas\/\"><span style=\"font-weight: 400;\">Research project for the establishment of a National Registry of Hematopoietic Cell Donors.<\/span><\/a><\/p>\n<p>\n<\/div><div class=\"btClear btSeparator topExtraSmallSpaced bottomSmallSpaced noBorder\" ><hr><\/div><\/div><\/div><div class=\"rowItem col-md-3 col-sm-6 col-ms-12 btTextCenter animate animate-fadein animate-moveup btTextIndent inherit\" style=\"margin-bottom: 10px;\" ><div class=\"rowItemContent\" style = \"background-color:#f1f1f1;\"><div class=\"bpgPhoto btTextCenter\" > \r\n\t\t\t\t\t<a href=\"http:\/\/idcbis.org.co\/en\/fenotipos-raros\/\" target=\"_self\" title=\"Logo del Programa de Donantes Unicos\"><\/a>\r\n\t\t\t\t\t<div class=\"boldPhotoBox\"><div class=\"bpbItem\"><div class = \"btImage\"><img src=\"https:\/\/idcbis.org.co\/media_up_idcbis\/2024\/04\/donantes_unicos.jpg\" alt=\"Logo del Programa de Donantes Unicos\" title=\"Logo del Programa de Donantes Unicos\" ><\/div><\/div><\/div>\r\n\t\t\t\t\t<div class=\"captionPane\">\r\n\t\t\t\t\t\t<div class=\"captionTable\">\r\n\t\t\t\t\t\t\t<div class=\"captionCell\">\r\n\t\t\t\t\t\t\t\t<div class=\"captionTxt\"><\/div>\r\n\t\t\t\t\t\t\t<\/div>\r\n\t\t\t\t\t\t<\/div>\r\n\t\t\t\t\t<\/div><\/div><div class=\"btClear btSeparator topExtraSmallSpaced noBorder\" ><hr><\/div><header class=\"header btClear medium  btAccentDash\" ><div class=\"btSuperTitle\">Program<\/div><div class=\"dash\"><h3><span class=\"headline\">Unique Donors<\/span><\/h3><\/div><\/header><div class=\"btText\" ><\/p>\n<p>\n<a href=\"http:\/\/idcbis.org.co\/en\/fenotipos-raros\/\"><span style=\"font-weight: 400;\">First project in the country that seeks to establish a database of donors with low frequency blood groups (phenotypes), present in less than 1% of the population.<\/span><\/a><\/p>\n<p>\n<\/div><div class=\"btClear btSeparator topExtraSmallSpaced bottomSmallSpaced noBorder\" ><hr><\/div><\/div><\/div><div class=\"rowItem col-md-3 col-sm-6 col-ms-12 btTextCenter animate animate-fadein animate-moveup btTextIndent inherit\" style=\"margin-bottom: 10px;\" ><div class=\"rowItemContent\" style = \"background-color:#f1f1f1;\"><div class=\"bpgPhoto btTextCenter\" > \r\n\t\t\t\t\t<a href=\"https:\/\/habitosdevidasaludable.org\/\" target=\"_blank\" title=\"Fotograf\u00eda de jov\u00e9n con el logo del programa respira de h\u00e1bitos saludables idcbis\" rel=\"noopener\"><\/a>\r\n\t\t\t\t\t<div class=\"boldPhotoBox\"><div class=\"bpbItem\"><div class = \"btImage\"><img src=\"https:\/\/idcbis.org.co\/media_up_idcbis\/2025\/07\/respira_home.png\" alt=\"Fotograf\u00eda de jov\u00e9n con el logo del programa respira de h\u00e1bitos saludables idcbis\" title=\"Fotograf\u00eda de jov\u00e9n con el logo del programa respira de h\u00e1bitos saludables idcbis\" ><\/div><\/div><\/div>\r\n\t\t\t\t\t<div class=\"captionPane\">\r\n\t\t\t\t\t\t<div class=\"captionTable\">\r\n\t\t\t\t\t\t\t<div class=\"captionCell\">\r\n\t\t\t\t\t\t\t\t<div class=\"captionTxt\"><\/div>\r\n\t\t\t\t\t\t\t<\/div>\r\n\t\t\t\t\t\t<\/div>\r\n\t\t\t\t\t<\/div><\/div><div class=\"btClear btSeparator topExtraSmallSpaced noBorder\" ><hr><\/div><header class=\"header btClear medium  btAccentDash\" ><div class=\"btSuperTitle\">Program<\/div><div class=\"dash\"><h3><span class=\"headline\">Respira<\/span><\/h3><\/div><\/header><div class=\"btText\" ><\/p>\n<p>\n<a href=\"https:\/\/habitosdevidasaludable.org\/\" target=\"_blank\" rel=\"noopener\">Join our community. We talk about healthy living habits with a variety of approaches in 7 pillars that will lead us to feel more balance and wellness.<\/a><\/p>\n<p>\n<\/div><div class=\"btClear btSeparator topExtraSmallSpaced bottomSmallSpaced noBorder\" ><hr><\/div><\/div><\/div><\/div><\/div><div class=\"boldRow\" ><div class=\"boldRowInner\"><div class=\"rowItem col-md-12 col-ms-12  btTextLeft\"  ><div class=\"rowItemContent\" ><div class=\"btClear btSeparator topExtraSmallSpaced bottomExtraSmallSpaced noBorder\" ><hr><\/div><\/div><\/div><\/div><\/div><div class=\"boldRow\" ><div class=\"boldRowInner\"><div class=\"rowItem col-md-6 col-sm-12 btTextLeft\"  ><div class=\"rowItemContent\" ><\/div><\/div><div class=\"rowItem col-md-6 col-sm-12 btTextLeft\"  ><div class=\"rowItemContent\" ><\/div><\/div><\/div><\/div><\/div><\/div><\/div><\/section><section id=\"bt_section69e1079f49f5e\" data-parallax=\".7\" data-parallax-offset=\"-80\" class=\"boldSection topSpaced bottomSpaced gutter inherit btParallax wBackground cover banner-24\" style=\"background-image:url('https:\/\/idcbis.org.co\/media_up_idcbis\/2021\/07\/Despuess-UTA-wall.png');\"><div class=\"port\"><div class=\"boldCell\"><div class=\"boldCellInner\"><div class=\"boldRow\" ><div class=\"boldRowInner\"><div class=\"rowItem col-md-12 col-ms-12  btTextLeft animate animate-fadein inherit\"  ><div class=\"rowItemContent\" ><div class=\"btText\" ><\/p>\n<h2 class=\"publicacon25\"><span style=\"color: #ffffff;\"><strong>M\u00e1s de 60 publicaciones cient\u00edficas<\/strong><\/span><\/h2>\n<h3 class=\"publicacon25\"><span style=\"color: #ffffff;\">en revistas indexada<br \/>Grupo de Investigaci\u00f3n GIMTTyC del IDCBIS<\/span><\/h3>\n<p>\n<\/div><div class=\"btClear btSeparator topSmallSpaced bottomExtraSmallSpaced noBorder\" ><hr><\/div><div class=\"boldRow boldInnerRow\" ><div class=\"rowItem rowInnerItem col-md-12  btTextCenter btMiddleVertical\"  ><div class=\"rowItemContent\"><a href=\"http:\/\/idcbis.org.co\/en\/blog\/noticias\/\" class=\"btBtn btBtn btnOutlineStyle btnAlternateColor btnSmall btnNormalWidth btnRightPosition btnNoIcon\"><span class=\"btnInnerText\">News<\/span><\/a><a href=\"http:\/\/idcbis.org.co\/en\/publicaciones-cientificas\/\" class=\"btBtn btBtn btnOutlineStyle btnAlternateColor btnSmall btnNormalWidth btnRightPosition btnNoIcon\"><span class=\"btnInnerText\">Scientific Publications<\/span><\/a><a href=\"http:\/\/idcbis.org.co\/en\/libros\/\" class=\"btBtn btBtn btnOutlineStyle btnAlternateColor btnSmall btnNormalWidth btnRightPosition btnNoIcon\"><span class=\"btnInnerText\">Books<\/span><\/a><\/div><\/div><\/div><\/div><\/div><\/div><\/div><\/div><\/div><\/div><\/section><section id=\"bt_section69e1079f4a1c9\"  class=\"boldSection topSmallSpaced bottomSmallSpaced gutter inherit\" ><div class=\"port\"><div class=\"boldCell\"><div class=\"boldCellInner\"><div class=\"boldRow\" ><div class=\"boldRowInner\"><div class=\"rowItem col-md-1 col-ms-12  btTextLeft\"  ><div class=\"rowItemContent\" ><\/div><\/div><div class=\"rowItem col-md-10 col-ms-12  btTextLeft\"  ><div class=\"rowItemContent\" ><div class=\"boldRow boldInnerRow\" ><div class=\"rowItem rowInnerItem col-md-6  btTextCenter btMiddleVertical\"  ><div class=\"rowItemContent\"><div class=\"bpgPhoto btTextCenter btSimpleHoverType\" > \r\n\t\t\t\t\t<a href=\"https:\/\/ciudadanobogotadigital.saludcapital.gov.co\/\" target=\"_self\" title=\"Bot\u00f3n Bogota Salud Digital\" rel=\"noopener\"><\/a>\r\n\t\t\t\t\t<div class=\"boldPhotoBox\"><div class=\"bpbItem\"><div class = \"btImage\"><img src=\"https:\/\/idcbis.org.co\/media_up_idcbis\/2021\/12\/Bogota-salud-capital.jpg\" alt=\"Bot\u00f3n Bogota Salud Digital\" title=\"Bot\u00f3n Bogota Salud Digital\" ><\/div><\/div><\/div>\r\n\t\t\t\t\t<div class=\"captionPane\">\r\n\t\t\t\t\t\t<div class=\"captionTable\">\r\n\t\t\t\t\t\t\t<div class=\"captionCell\">\r\n\t\t\t\t\t\t\t\t<div class=\"captionTxt\"><\/div>\r\n\t\t\t\t\t\t\t<\/div>\r\n\t\t\t\t\t\t<\/div>\r\n\t\t\t\t\t<\/div><\/div><\/div><\/div><div class=\"rowItem rowInnerItem col-md-6  btTextCenter btMiddleVertical\"  ><div class=\"rowItemContent\"><div class=\"bpgPhoto btTextCenter btSimpleHoverType\" > \r\n\t\t\t\t\t<a href=\"https:\/\/bogota.gov.co\/sdqs\/crear-peticion\" target=\"_self\" title=\"Bot\u00f3n Denuncie actos de corrupci\u00f3n de Gobierno Abierto de Bogot\u00e1\" rel=\"noopener\"><\/a>\r\n\t\t\t\t\t<div class=\"boldPhotoBox\"><div class=\"bpbItem\"><div class = \"btImage\"><img src=\"https:\/\/idcbis.org.co\/media_up_idcbis\/2021\/12\/Denuncie-actos-corrupcion.png\" alt=\"Bot\u00f3n Denuncie actos de corrupci\u00f3n de Gobierno Abierto de Bogot\u00e1\" title=\"Bot\u00f3n Denuncie actos de corrupci\u00f3n de Gobierno Abierto de Bogot\u00e1\" ><\/div><\/div><\/div>\r\n\t\t\t\t\t<div class=\"captionPane\">\r\n\t\t\t\t\t\t<div class=\"captionTable\">\r\n\t\t\t\t\t\t\t<div class=\"captionCell\">\r\n\t\t\t\t\t\t\t\t<div class=\"captionTxt\"><\/div>\r\n\t\t\t\t\t\t\t<\/div>\r\n\t\t\t\t\t\t<\/div>\r\n\t\t\t\t\t<\/div><\/div><\/div><\/div><\/div><\/div><\/div><div class=\"rowItem col-md-1 col-ms-12  btTextLeft\"  ><div class=\"rowItemContent\" ><\/div><\/div><\/div><\/div><\/div><\/div><\/div><\/section><section id=\"bt_section69e1079f4a714\"  class=\"boldSection topSmallSpaced bottomSmallSpaced fullScreenHeight inherit\" ><div class=\"port\"><div class=\"boldCell\"><div class=\"boldCellInner\"><div class=\"boldRow\" ><div class=\"boldRowInner\"><div class=\"rowItem col-md-12 col-ms-12  btTextLeft\"  ><div class=\"rowItemContent\" ><section id=\"portal-bogota-block\" data-cat=\"Salud\"><\/section>\n<script src=\"https:\/\/bogota.gov.co\/2025\/queestapasando\/main-block.js\"><\/script><\/div><\/div><\/div><\/div><\/div><\/div><\/div><\/section><\/p>","protected":false},"excerpt":{"rendered":"","protected":false},"author":2,"featured_media":4775,"parent":0,"menu_order":0,"comment_status":"closed","ping_status":"closed","template":"","meta":[],"_links":{"self":[{"href":"https:\/\/idcbis.org.co\/en\/wp-json\/wp\/v2\/pages\/1918"}],"collection":[{"href":"https:\/\/idcbis.org.co\/en\/wp-json\/wp\/v2\/pages"}],"about":[{"href":"https:\/\/idcbis.org.co\/en\/wp-json\/wp\/v2\/types\/page"}],"author":[{"embeddable":true,"href":"https:\/\/idcbis.org.co\/en\/wp-json\/wp\/v2\/users\/2"}],"replies":[{"embeddable":true,"href":"https:\/\/idcbis.org.co\/en\/wp-json\/wp\/v2\/comments?post=1918"}],"version-history":[{"count":234,"href":"https:\/\/idcbis.org.co\/en\/wp-json\/wp\/v2\/pages\/1918\/revisions"}],"predecessor-version":[{"id":7033,"href":"https:\/\/idcbis.org.co\/en\/wp-json\/wp\/v2\/pages\/1918\/revisions\/7033"}],"wp:featuredmedia":[{"embeddable":true,"href":"https:\/\/idcbis.org.co\/en\/wp-json\/wp\/v2\/media\/4775"}],"wp:attachment":[{"href":"https:\/\/idcbis.org.co\/en\/wp-json\/wp\/v2\/media?parent=1918"}],"curies":[{"name":"wp","href":"https:\/\/api.w.org\/{rel}","templated":true}]}}