{"id":2986,"date":"2020-11-18T10:12:15","date_gmt":"2020-11-18T15:12:15","guid":{"rendered":"http:\/\/nueva.idcbis.org.co\/?page_id=2986"},"modified":"2025-12-14T16:31:45","modified_gmt":"2025-12-14T21:31:45","slug":"trabaje-con-nosotros","status":"publish","type":"page","link":"https:\/\/idcbis.org.co\/en\/trabaje-con-nosotros\/","title":{"rendered":"Work with us"},"content":{"rendered":"<section id=\"bt_section69d83a02434bd\"  class=\"boldSection topSemiSpaced gutter inherit\" ><div class=\"port\"><div class=\"boldCell\"><div class=\"boldCellInner\"><div class=\"boldRow\" ><div class=\"boldRowInner\"><div class=\"rowItem col-md-12 col-ms-12  btTextLeft\"  ><div class=\"rowItemContent\" ><div class=\"btText\" ><\/p>\n<table class=\"table table-striped\" width=\"1280\">\n<tbody>\n<tr style=\"background-color: #025283; color: #fff;\">\n<th style=\"text-align: center;\" width=\"129\">REFERENCE<\/th>\n<th style=\"text-align: center;\" width=\"243\">DESCRIPTION<\/th>\n<th style=\"text-align: center;\" width=\"110\">START DATE<\/th>\n<th style=\"text-align: center;\" width=\"110\">CLOSING DATE<\/th>\n<th style=\"text-align: center;\" width=\"214\">ACADEMIC PROFILE<\/th>\n<th style=\"text-align: center;\" width=\"160\">PROFILE-EXPERIENCE<\/th>\n<th style=\"text-align: center;\" width=\"153\">MORE INFORMATION<\/th>\n<\/tr>\n<tr>\n<td width=\"129\">CE.507 2024<\/td>\n<td width=\"243\">Prestar servicios como tecn\u00f3logo para apoyar los procesos de laboratorio de investigaci\u00f3n en la unidad de terapias avanzadas del IDCBIS<\/td>\n<td width=\"110\">29\/10\/2024<\/td>\n<td width=\"110\">12\/10\/2024<\/td>\n<td width=\"214\">Tecn\u00f3logo en biolog\u00eda o estudiante de Biolog\u00eda Aplicada<\/td>\n<td width=\"160\">6 meses de experiencia relacionada<\/td>\n<td width=\"153\"><a href=\"https:\/\/idcbis.org.co\/pdf\/IDCBIS-ID-FT-007-V01-Ampliacion-informacion-No-507.pdf\"><button class=\"btn btn-primary\">Convocatoria 507<\/button><\/a><\/td>\n<\/tr>\n<tr>\n<td width=\"129\">CE-506-2024<\/td>\n<td width=\"243\">Prestar servicios profesionales especializados para el dise\u00f1o instruccional necesario para la implementaci\u00f3n de procesos de formaci\u00f3n virtual, en el marco de la ejecuci\u00f3n de recursos de transferencias dela Resoluci\u00f3n 1013 de 2024<\/td>\n<td width=\"110\">5\/10\/2024<\/td>\n<td width=\"110\">11\/10\/2024<\/td>\n<td width=\"214\">Profesional en ciencias sociales y\/o afines<\/td>\n<td width=\"160\">18 meses de experiencia profesional<\/td>\n<td width=\"153\"><a href=\"https:\/\/idcbis.org.co\/pdf\/IDCBIS-ID-FT-007-V01-Ampliacion-informacion-No-506.pdf\"><button class=\"btn btn-primary\">Convocatoria 506<\/button><\/a><\/td>\n<\/tr>\n<\/tbody>\n<\/table>\n<p>\n<\/div><\/div><\/div><\/div><\/div><\/div><\/div><\/div><\/section>","protected":false},"excerpt":{"rendered":"","protected":false},"author":1,"featured_media":3296,"parent":0,"menu_order":0,"comment_status":"closed","ping_status":"closed","template":"","meta":[],"_links":{"self":[{"href":"https:\/\/idcbis.org.co\/en\/wp-json\/wp\/v2\/pages\/2986"}],"collection":[{"href":"https:\/\/idcbis.org.co\/en\/wp-json\/wp\/v2\/pages"}],"about":[{"href":"https:\/\/idcbis.org.co\/en\/wp-json\/wp\/v2\/types\/page"}],"author":[{"embeddable":true,"href":"https:\/\/idcbis.org.co\/en\/wp-json\/wp\/v2\/users\/1"}],"replies":[{"embeddable":true,"href":"https:\/\/idcbis.org.co\/en\/wp-json\/wp\/v2\/comments?post=2986"}],"version-history":[{"count":142,"href":"https:\/\/idcbis.org.co\/en\/wp-json\/wp\/v2\/pages\/2986\/revisions"}],"predecessor-version":[{"id":6979,"href":"https:\/\/idcbis.org.co\/en\/wp-json\/wp\/v2\/pages\/2986\/revisions\/6979"}],"wp:featuredmedia":[{"embeddable":true,"href":"https:\/\/idcbis.org.co\/en\/wp-json\/wp\/v2\/media\/3296"}],"wp:attachment":[{"href":"https:\/\/idcbis.org.co\/en\/wp-json\/wp\/v2\/media?parent=2986"}],"curies":[{"name":"wp","href":"https:\/\/api.w.org\/{rel}","templated":true}]}}