{"id":3613,"date":"2021-07-12T14:59:38","date_gmt":"2021-07-12T19:59:38","guid":{"rendered":"http:\/\/nueva.idcbis.org.co\/?page_id=3613"},"modified":"2025-07-21T16:51:12","modified_gmt":"2025-07-21T21:51:12","slug":"banco-de-sangre-cordon-umbilical-investigacion","status":"publish","type":"page","link":"https:\/\/idcbis.org.co\/en\/banco-de-sangre-cordon-umbilical-investigacion\/","title":{"rendered":"Cord Blood Bank Investigation"},"content":{"rendered":"<p><section id=\"bt_section69e10dda16012\"  class=\"boldSection gutter inherit wBackground cover\" style=\"background-image:url('https:\/\/idcbis.org.co\/media_up_idcbis\/2020\/09\/Banco-sangre-cordon-umbilical-IDCBIS-2020-Banner.jpg');\"><div class=\"port\"><div class=\"boldCell\"><div class=\"boldCellInner\"><div class=\"boldRow\" ><div class=\"boldRowInner\"><div class=\"rowItem col-md-12 col-ms-12  btTextLeft\"  ><div class=\"rowItemContent\" ><div class=\"boldRow boldInnerRow\" ><div class=\"rowItem rowInnerItem col-md-2  btTextLeft\"  ><div class=\"rowItemContent\"><\/div><\/div><div class=\"rowItem rowInnerItem col-md-8  btTextLeft\"  ><div class=\"rowItemContent\"><div class=\"btClear btSeparator topSmallSpaced bottomSmallSpaced noBorder\" ><hr><\/div><div class=\"btText\" ><\/p>\n<h2 style=\"padding: 0rem 2rem; font-weight: 300; text-align: center;\"><strong><span style=\"color: #f29100;\">Hematopoietic Progenitor Cell Research, Clinical Application and CPH Donor Registry<\/span><\/strong><\/h2>\n<p>\n<\/div><div class=\"btClear btSeparator topSmallSpaced bottomSmallSpaced noBorder\" ><hr><\/div><\/div><\/div><div class=\"rowItem rowInnerItem col-md-2  btTextLeft\"  ><div class=\"rowItemContent\"><\/div><\/div><\/div><\/div><\/div><\/div><\/div><\/div><\/div><\/div><\/section><section id=\"bt_section69e10dda162ce\"  class=\"boldSection topSmallSpaced bottomSmallSpaced gutter inherit sec-bsc-02\" ><div class=\"port\"><div class=\"boldCell\"><div class=\"boldCellInner\"><div class=\"boldRow\" ><div class=\"boldRowInner\"><div class=\"rowItem col-md-1 col-ms-12  btTextLeft\"  ><div class=\"rowItemContent\" ><\/div><\/div><div class=\"rowItem col-md-10 col-ms-12  btTextLeft\"  ><div class=\"rowItemContent\" ><div class=\"btClear btSeparator topExtraSmallSpaced bottomExtraSmallSpaced noBorder\" ><hr><\/div><div class=\"btText\" ><\/p>\n<h1 style=\"text-align: center;\"><span style=\"color: #f29100; font-size: 40px; line-height: 50px;\">Cord Blood Bank Investigation<\/span><\/h1>\n<h3 style=\"text-align: center;\"><span style=\"color: #222;\">The public umbilical cord blood bank is the result of a scientific commitment that arose from the need to offer a matching service for umbilical cord blood donors, for patients without a family donor.<\/span><\/h3>\n<p>\n<\/div><div class=\"btClear btSeparator bottomExtraSmallSpaced noBorder\" ><hr><\/div><\/div><\/div><div class=\"rowItem col-md-1 col-ms-12  btTextLeft\"  ><div class=\"rowItemContent\" ><\/div><\/div><\/div><\/div><\/div><\/div><\/div><\/section><section id=\"bt_section69e10dda164a5\"  class=\"boldSection topSmallSpaced bottomSmallSpaced gutter fullScreenHeight btMiddleVertical sec-uta-03\" style=\"background-color:rgb(232,139,0);\"><div class=\"port\"><div class=\"boldCell\"><div class=\"boldCellInner\"><div class=\"boldRow\" ><div class=\"boldRowInner\"><div class=\"rowItem col-md-12 col-ms-12  btTextLeft\"  ><div class=\"rowItemContent\" ><div class=\"btText\" ><\/p>\n<h2 style=\"text-align: center;\"><span style=\"color: #ffffff;\">Services<\/span><\/h2>\n<h3 style=\"font-weight: 300; text-align: center;\"><span style=\"color: #ffffff;\">Process of donation and transplantation of umbilical cord blood cells. Accompaniment and research from the time the mother donates until after transplantation.<\/span><\/h3>\n<p>\n<\/div><\/div><\/div><\/div><\/div><\/div><\/div><\/div><\/section><section id=\"bt_section69e10dda16607\"  class=\"boldSection topSpaced bottomSpaced gutter fullScreenHeight btBottomVertical sec-uta-03\" style=\"background-color:rgb(236,236,236);background-size: 33%;background-position: left bottom;\"><div class=\"port\"><div class=\"boldCell\"><div class=\"boldCellInner\"><div class=\"boldRow\" ><div class=\"boldRowInner\"><div class=\"rowItem col-md-12 col-ms-12  btTextLeft inherit btDoublePadding slider-uta\"  ><div class=\"rowItemContent\" ><div class=\"btText\" ><\/p>\n<h2 style=\"text-align: center;\"><span style=\"color: #f29100;\"><strong>Investigation projects<\/strong><\/span><\/h2>\n<p>\n<\/div><div class=\"bt_bb_content_slider bt_bb_gap_no_gap bt_bb_arrows_size_normal bt_bb_show_dots_bottom bt_bb_height_keep-height\"><div class=\"slick-slider\"  data-slick='{ \"lazyLoad\": \"progressive\", \"cssEase\": \"ease-out\", \"speed\": \"600\", \"prevArrow\": \"&lt;button type=\\\"button\\\" class=\\\"slick-prev\\\"&gt;\", \"nextArrow\": \"&lt;button type=\\\"button\\\" class=\\\"slick-next\\\"&gt;\", \"dots\": true}' ><div class=\"bt_bb_content_slider_item\" style=\"\"><div class=\"bt_bb_content_slider_item_content content ccc\"><div class=\"boldRow boldInnerRow\" ><div class=\"rowItem rowInnerItem col-md-3  btTextLeft\"  ><div class=\"rowItemContent\"><div class=\"bpgPhoto btTextCenter\"  style=\"max-width: 60%;margin: 0 auto;\"><div class=\"btImage\"><img src=\"https:\/\/idcbis.org.co\/media_up_idcbis\/2021\/12\/BSCU-proyectos-01.png\" alt=\"\u00edcono gr\u00e1fico representando a un paciente pedi\u00e1trico con c\u00e9lulas madres que no est\u00e1n funcionando\" title=\"\u00edcono gr\u00e1fico representando a un paciente pedi\u00e1trico con c\u00e9lulas madres que no est\u00e1n funcionando\"><\/div><\/div><div class=\"btText\" ><\/p>\n<h4 style=\"text-align: center;\">Implementation of a Public Bank of Umbilical Cord Stem Cells and a Cell Therapy Unit Hemocenter District, Secretariat of Health, Bogota.<\/h4>\n<p>\n<\/div><\/div><\/div><div class=\"rowItem rowInnerItem col-md-3  btTextLeft\"  ><div class=\"rowItemContent\"><div class=\"bpgPhoto btTextCenter\"  style=\"max-width: 60%;margin: 0 auto;\"><div class=\"btImage\"><img src=\"https:\/\/idcbis.org.co\/media_up_idcbis\/2021\/12\/BSCU-proyectos-02.png\" alt=\"\u00edcono gr\u00e1fico HLA\" title=\"\u00edcono gr\u00e1fico HLA\"><\/div><\/div><div class=\"btText\" ><\/p>\n<h4 style=\"text-align: center;\">Evolution towards better manufacturing, procurement, distribution and biosurveillance practices for cord and umbilical cord blood cells that expand their uses in hematopoietic transplantation, regenerative and precision medicine.<\/h4>\n<p>\n<\/div><\/div><\/div><div class=\"rowItem rowInnerItem col-md-3  btTextLeft\"  ><div class=\"rowItemContent\"><div class=\"bpgPhoto btTextCenter\"  style=\"max-width: 60%;margin: 0 auto;\"><div class=\"btImage\"><img src=\"https:\/\/idcbis.org.co\/media_up_idcbis\/2021\/12\/BSCU-proyectos-03.png\" alt=\"\u00edcono gr\u00e1fico de HLA\" title=\"\u00edcono gr\u00e1fico de HLA\"><\/div><\/div><div class=\"btText\" ><\/p>\n<h4 style=\"text-align: center;\">Characterization of cord blood mononuclear and hematopoietic cell migration upon IL6, IL8 and CCL2-induced stimuli in an in vitro model of canonical hematopoietic niche stimuli.<\/h4>\n<p>\n<\/div><\/div><\/div><div class=\"rowItem rowInnerItem col-md-3  btTextLeft\"  ><div class=\"rowItemContent\"><div class=\"bpgPhoto btTextCenter\"  style=\"max-width: 60%;margin: 0 auto;\"><div class=\"btImage\"><img src=\"https:\/\/idcbis.org.co\/media_up_idcbis\/2021\/12\/BSCU-proyectos-04.png\" alt=\"\u00edcono gr\u00e1fico de paciente pedi\u00e1trico feliz\" title=\"\u00edcono gr\u00e1fico de paciente pedi\u00e1trico feliz\"><\/div><\/div><div class=\"btText\" ><\/p>\n<h4 style=\"text-align: center;\">Optimization of the pretransplant procedure of cord blood unit thawing: a cell death prevention approach in the clinical setting.<\/h4>\n<p>\n<\/div><\/div><\/div><\/div><\/div><\/div><div class=\"bt_bb_content_slider_item\" style=\"\"><div class=\"bt_bb_content_slider_item_content content ccc\"><div class=\"boldRow boldInnerRow\" ><div class=\"rowItem rowInnerItem col-md-3  btTextLeft\"  ><div class=\"rowItemContent\"><div class=\"bpgPhoto btTextCenter\"  style=\"max-width: 60%;margin: 0 auto;\"><div class=\"btImage\"><img src=\"https:\/\/idcbis.org.co\/media_up_idcbis\/2021\/12\/BSCU-proyectos-06.png\" alt=\"\u00edcono gr\u00e1fico de neveras de criopreservaci\u00f3n del c\u00e9lulas madre\" title=\"\u00edcono gr\u00e1fico de neveras de criopreservaci\u00f3n del c\u00e9lulas madre\"><\/div><\/div><div class=\"btText\" ><\/p>\n<h4 style=\"text-align: center;\">Integrative metabolomics for understanding the regulation of hematopoietic progenitor nesting to the niche. Principal Investigators<\/h4>\n<p>\n<\/div><\/div><\/div><div class=\"rowItem rowInnerItem col-md-3  btTextLeft\"  ><div class=\"rowItemContent\"><div class=\"bpgPhoto btTextCenter\"  style=\"max-width: 60%;margin: 0 auto;\"><div class=\"btImage\"><img src=\"https:\/\/idcbis.org.co\/media_up_idcbis\/2021\/12\/BSCU-proyectos-05.png\" alt=\"\u00edcono gr\u00e1fico de paciente pedi\u00e1trico en el hospital con el doctor\" title=\"\u00edcono gr\u00e1fico de paciente pedi\u00e1trico en el hospital con el doctor\"><\/div><\/div><div class=\"btText\" ><\/p>\n<h4 style=\"text-align: center;\">Evaluation of the supporting capacity of mesenchymal stem cells from different tissues in the expansion of cord blood hematopoietic progenitor cells.<\/h4>\n<p>\n<\/div><\/div><\/div><div class=\"rowItem rowInnerItem col-md-3  btTextLeft\"  ><div class=\"rowItemContent\"><div class=\"bpgPhoto btTextCenter\"  style=\"max-width: 60%;margin: 0 auto;\"><div class=\"btImage\"><img src=\"https:\/\/idcbis.org.co\/media_up_idcbis\/2021\/12\/BSCU-proyectos-09.png\" alt=\"\u00cdcono gr\u00e1fico de bebe reci\u00e9n nacido con c\u00e9lulas madre del Banco P\u00fablico de Sangre de Cord\u00f3n Umbilical\" title=\"\u00cdcono gr\u00e1fico de bebe reci\u00e9n nacido con c\u00e9lulas madre del Banco P\u00fablico de Sangre de Cord\u00f3n Umbilical\"><\/div><\/div><div class=\"btText\" ><\/p>\n<h4 style=\"text-align: center;\">Prospective cohort of pediatric patients for the evaluation of the impact of clinical factors and biomarkers on the risk of complications in allogeneic hematopoietic stem cell transplantation.<\/h4>\n<p>\n<\/div><\/div><\/div><div class=\"rowItem rowInnerItem col-md-3  btTextLeft\"  ><div class=\"rowItemContent\"><div class=\"bpgPhoto btTextCenter\"  style=\"max-width: 60%;margin: 0 auto;\"><div class=\"btImage\"><img src=\"https:\/\/idcbis.org.co\/media_up_idcbis\/2021\/12\/BSCU-proyectos-08.png\" alt=\"\u00edcono gr\u00e1fico de unidad de sangre de cord\u00f3n umbilical\" title=\"\u00edcono gr\u00e1fico de unidad de sangre de cord\u00f3n umbilical\"><\/div><\/div><div class=\"btText\" ><\/p>\n<h4 style=\"text-align: center;\">Optimization of autologous dendritic cells as an immunotherapy strategy in cancer patients.<\/h4>\n<p>\n<\/div><\/div><\/div><\/div><\/div><\/div><div class=\"bt_bb_content_slider_item\" style=\"\"><div class=\"bt_bb_content_slider_item_content content ccc\"><div class=\"boldRow boldInnerRow\" ><div class=\"rowItem rowInnerItem col-md-3  btTextLeft\"  ><div class=\"rowItemContent\"><div class=\"bpgPhoto btTextCenter\"  style=\"max-width: 60%;margin: 0 auto;\"><div class=\"btImage\"><img src=\"https:\/\/idcbis.org.co\/media_up_idcbis\/2021\/12\/BSCU-proyectos-07.png\" alt=\"\u00edcono gr\u00e1fico de paciente pedi\u00e1trico triste\" title=\"\u00edcono gr\u00e1fico de paciente pedi\u00e1trico triste\"><\/div><\/div><div class=\"btText\" ><\/p>\n<h4 style=\"text-align: center;\">Research oriented to the implementation of best practices for the clinical application of cellular therapies. Model: TPH in Bogota. Executor: District Health Secretariat. Operators: IDCBIS and Fundaci\u00f3n HOMI- Hospital de la Misericordia.<\/h4>\n<p>\n<\/div><\/div><\/div><div class=\"rowItem rowInnerItem col-md-3  btTextLeft\"  ><div class=\"rowItemContent\"><div class=\"bpgPhoto btTextCenter\"  style=\"max-width: 60%;margin: 0 auto;\"><div class=\"btImage\"><img src=\"https:\/\/idcbis.org.co\/media_up_idcbis\/2021\/12\/BSCU-proyectos-11.png\" alt=\"\u00edcono gr\u00e1fico de somos los primero en el pa\u00eds\" title=\"\u00edcono gr\u00e1fico de somos los primero en el pa\u00eds\"><\/div><\/div><div class=\"btText\" ><\/p>\n<h4 style=\"text-align: center;\">Evaluation of the cord blood collection operational system for the first Colombian public cord blood bank.<\/h4>\n<p>\n<\/div><\/div><\/div><div class=\"rowItem rowInnerItem col-md-3  btTextLeft\"  ><div class=\"rowItemContent\"><div class=\"bpgPhoto btTextCenter\"  style=\"max-width: 60%;margin: 0 auto;\"><div class=\"btImage\"><img src=\"https:\/\/idcbis.org.co\/media_up_idcbis\/2021\/12\/BSCU-proyectos-10.png\" alt=\"\u00edcono gr\u00e1fico de unidad de sangre de cord\u00f3n umbilical siendo analizada\" title=\"\u00edcono gr\u00e1fico de unidad de sangre de cord\u00f3n umbilical siendo analizada\"><\/div><\/div><div class=\"btText\" ><\/p>\n<h4 style=\"text-align: center;\">Analysis of the migratory capacity of hematopoietic cell lines in response to conditioned media of mesenchymal stem cells isolated from umbilical cord wharton's jelly.<\/h4>\n<p>\n<\/div><\/div><\/div><div class=\"rowItem rowInnerItem col-md-3  btTextLeft\"  ><div class=\"rowItemContent\"><\/div><\/div><\/div><\/div><\/div><\/div><\/div><\/div><\/div><\/div><\/div><\/div><\/div><\/div><\/section><section id=\"bt_section69e10dda18942\"  class=\"boldSection topSemiSpaced bottomSemiSpaced gutter inherit bt_bb_hidden_xs bt_bb_hidden_ms bt_bb_hidden_sm bt_bb_hidden_md bt_bb_hidden_lg\" ><div class=\"port\"><div class=\"boldCell\"><div class=\"boldCellInner\"><div class=\"boldRow\" ><div class=\"boldRowInner\"><div class=\"rowItem col-md-12 col-ms-12  btTextLeft\"  ><div class=\"rowItemContent\" ><div class=\"bpgPhoto btTextCenter\" ><div class=\"btImage\"><img src=\"https:\/\/idcbis.org.co\/media_up_idcbis\/2023\/03\/Interna-l-Investigacion-BSCU-trasarte-ingles.png\" alt=\"Gr\u00e1fica enq ue se explica la funci\u00f3n del equipo Trasarte, que est\u00e1 compuesto de las disciplinas: Arte, Psicolog\u00eda y Psiquiatr\u00eda\" title=\"Graphic explaining the function of the Trasarte team, which is composed of the following disciplines: Art, Psychology and Psychiatry.\"><\/div><\/div><div class=\"btClear btSeparator topSmallSpaced bottomSmallSpaced noBorder\" ><hr><\/div><div class=\"btClear btSeparator topExtraSmallSpaced bottomExtraSmallSpaced noBorder\" ><hr><\/div><\/div><\/div><\/div><\/div><\/div><\/div><\/div><\/section><section id=\"bt_section69e10dda18c31\"  class=\"boldSection topSemiSpaced inherit\" ><div class=\"port\"><div class=\"boldCell\"><div class=\"boldCellInner\"><div class=\"boldRow\" ><div class=\"boldRowInner\"><div class=\"rowItem col-md-2  col-sm-4 col-ms-12 btTextLeft\"  ><div class=\"rowItemContent\" ><\/div><\/div><div class=\"rowItem col-md-8 col-ms-12 btTextLeft\"  ><div class=\"rowItemContent\" ><div class=\"btClear btSeparator topSmallSpaced bottomSmallSpaced border\" ><hr><\/div><div class=\"btText\" ><\/p>\n<h2 style=\"padding: 0rem 2rem; font-weight: 300; text-align: center;\"><strong><span style=\"color: #f29100;\">Research project for the establishment of a National Registry of Hematopoietic Progenitor Cell Donors.<\/span><\/strong><\/h2>\n<p>\n<\/div><\/div><\/div><div class=\"rowItem col-md-2  col-sm-4 col-ms-12 btTextLeft\"  ><div class=\"rowItemContent\" ><\/div><\/div><\/div><\/div><div class=\"boldRow\" ><div class=\"boldRowInner\"><div class=\"rowItem col-md-12 col-ms-12  btTextLeft\"  ><div class=\"rowItemContent\" ><div class=\"bpgPhoto btTextCenter\" ><div class=\"btImage\"><img src=\"https:\/\/idcbis.org.co\/media_up_idcbis\/2023\/02\/Investigacion-04.png\" alt=\"Pieza gr\u00e1fica para rendici\u00f3n de cuentas acerca del programa DarC\u00e9lulas.\" title=\"Graphic piece for accountability about the DarC\u00e9lulas program.\"><\/div><\/div><\/div><\/div><\/div><\/div><\/div><\/div><\/div><\/section><\/p>","protected":false},"excerpt":{"rendered":"","protected":false},"author":1,"featured_media":0,"parent":0,"menu_order":0,"comment_status":"closed","ping_status":"closed","template":"","meta":[],"_links":{"self":[{"href":"https:\/\/idcbis.org.co\/en\/wp-json\/wp\/v2\/pages\/3613"}],"collection":[{"href":"https:\/\/idcbis.org.co\/en\/wp-json\/wp\/v2\/pages"}],"about":[{"href":"https:\/\/idcbis.org.co\/en\/wp-json\/wp\/v2\/types\/page"}],"author":[{"embeddable":true,"href":"https:\/\/idcbis.org.co\/en\/wp-json\/wp\/v2\/users\/1"}],"replies":[{"embeddable":true,"href":"https:\/\/idcbis.org.co\/en\/wp-json\/wp\/v2\/comments?post=3613"}],"version-history":[{"count":72,"href":"https:\/\/idcbis.org.co\/en\/wp-json\/wp\/v2\/pages\/3613\/revisions"}],"predecessor-version":[{"id":6763,"href":"https:\/\/idcbis.org.co\/en\/wp-json\/wp\/v2\/pages\/3613\/revisions\/6763"}],"wp:attachment":[{"href":"https:\/\/idcbis.org.co\/en\/wp-json\/wp\/v2\/media?parent=3613"}],"curies":[{"name":"wp","href":"https:\/\/api.w.org\/{rel}","templated":true}]}}